{"id":37,"date":"2026-02-25T11:59:42","date_gmt":"2026-02-25T10:59:42","guid":{"rendered":"https:\/\/sognhotell.hornstaging.no\/restaurant\/"},"modified":"2026-03-18T13:00:38","modified_gmt":"2026-03-18T12:00:38","slug":"restaurant","status":"publish","type":"page","link":"https:\/\/sognhotel.no\/en\/restaurant\/","title":{"rendered":"Restaurant"},"content":{"rendered":"<div data-elementor-type=\"wp-page\" data-elementor-id=\"37\" class=\"elementor elementor-37\" data-elementor-post-type=\"page\">\n\t\t\t\t<div class=\"elementor-element elementor-element-c209a17 e-flex e-con-boxed e-con e-parent\" data-id=\"c209a17\" data-element_type=\"container\" data-e-type=\"container\" data-settings=\"{&quot;background_background&quot;:&quot;classic&quot;}\">\n\t\t\t\t\t<div class=\"e-con-inner\">\n\t\t<div class=\"elementor-element elementor-element-ff6ac55 e-con-full e-flex e-con e-child\" data-id=\"ff6ac55\" data-element_type=\"container\" data-e-type=\"container\">\n\t\t\t\t<div class=\"elementor-element elementor-element-f05ecc9 elementor-widget elementor-widget-heading\" data-id=\"f05ecc9\" data-element_type=\"widget\" data-e-type=\"widget\" data-widget_type=\"heading.default\">\n\t\t\t\t\t<h1 class=\"elementor-heading-title elementor-size-default\">Restaurant at Sogn Hotell<\/h1>\t\t\t\t<\/div>\n\t\t\t\t<div class=\"elementor-element elementor-element-2ecaa58 elementor-widget elementor-widget-text-editor\" data-id=\"2ecaa58\" data-element_type=\"widget\" data-e-type=\"widget\" data-widget_type=\"text-editor.default\">\n\t\t\t\t\t\t\t\t\t<p data-start=\"118\" data-end=\"419\">Welcome to the restaurant at Sogn Hotell, where good food and beautiful views meet. Enjoy flavorful dishes in quiet surroundings by the Sognefjord, whether you are a hotel guest or just passing through. Here, we provide a pleasant break with great flavors.<\/p>\t\t\t\t\t\t\t\t<\/div>\n\t\t<div class=\"elementor-element elementor-element-e4c9417 e-con-full e-flex e-con e-child\" data-id=\"e4c9417\" data-element_type=\"container\" data-e-type=\"container\">\n\t\t\t\t<div class=\"elementor-element elementor-element-5fd78d9 elementor-mobile-align-justify elementor-align-right elementor-widget elementor-widget-button\" data-id=\"5fd78d9\" data-element_type=\"widget\" data-e-type=\"widget\" data-widget_type=\"button.default\">\n\t\t\t\t\t\t\t\t\t\t<a class=\"elementor-button elementor-button-link elementor-size-sm elementor-animation-float\" href=\"https:\/\/hotels.cloudbeds.com\/reservation\/28oN3U\" target=\"_blank\" rel=\"noopener\">\n\t\t\t\t\t\t<span class=\"elementor-button-content-wrapper\">\n\t\t\t\t\t\t\t\t\t<span class=\"elementor-button-text\">Book accommodation<\/span>\n\t\t\t\t\t<\/span>\n\t\t\t\t\t<\/a>\n\t\t\t\t\t\t\t\t<\/div>\n\t\t\t\t<\/div>\n\t\t\t\t<\/div>\n\t\t\t\t\t<\/div>\n\t\t\t\t<\/div>\n\t\t<div class=\"elementor-element elementor-element-cc44d54 e-flex e-con-boxed e-con e-parent\" data-id=\"cc44d54\" data-element_type=\"container\" data-e-type=\"container\" data-settings=\"{&quot;background_background&quot;:&quot;classic&quot;}\">\n\t\t\t\t\t<div class=\"e-con-inner\">\n\t\t<div class=\"elementor-element elementor-element-2c3cbee e-con-full e-flex e-con e-child\" data-id=\"2c3cbee\" data-element_type=\"container\" data-e-type=\"container\">\n\t\t<div class=\"elementor-element elementor-element-db469cf e-con-full e-flex e-con e-child\" data-id=\"db469cf\" data-element_type=\"container\" data-e-type=\"container\">\n\t\t\t\t<div class=\"elementor-element elementor-element-d5fc4d2 elementor-widget elementor-widget-heading\" data-id=\"d5fc4d2\" data-element_type=\"widget\" data-e-type=\"widget\" data-widget_type=\"heading.default\">\n\t\t\t\t\t<h2 class=\"elementor-heading-title elementor-size-default\">Flavors by the Sognefjord<\/h2>\t\t\t\t<\/div>\n\t\t\t\t<div class=\"elementor-element elementor-element-37e7458 elementor-widget elementor-widget-text-editor\" data-id=\"37e7458\" data-element_type=\"widget\" data-e-type=\"widget\" data-widget_type=\"text-editor.default\">\n\t\t\t\t\t\t\t\t\t<p data-start=\"305\" data-end=\"540\">In the restaurant at Sogn Hotell, you can slow down and enjoy a good meal in bright and pleasant surroundings. We serve flavorful dishes made with a focus on quality and fine ingredients, whether you stop by for dinner or a simple lunch.<\/p><p data-start=\"542\" data-end=\"752\">We emphasize an informal and friendly atmosphere, where both travelers and locals feel welcome. Whether you choose meat, fish, or a lighter dish, you will be served a meal that suits both the occasion and your appetite.<\/p><p data-start=\"754\" data-end=\"975\" data-is-last-node=\"\" data-is-only-node=\"\">Located in the heart of the fjord landscape, the setting provides a backdrop that completes the dining experience. After your meal, you can linger and enjoy the view, or continue your journey into nature\u2014satisfied and ready for new adventures.<\/p>\t\t\t\t\t\t\t\t<\/div>\n\t\t\t\t<\/div>\n\t\t<div class=\"elementor-element elementor-element-c78e00c e-con-full e-flex e-con e-child\" data-id=\"c78e00c\" data-element_type=\"container\" data-e-type=\"container\">\n\t\t\t\t<div class=\"elementor-element elementor-element-c141b0b elementor-widget elementor-widget-image\" data-id=\"c141b0b\" data-element_type=\"widget\" data-e-type=\"widget\" data-widget_type=\"image.default\">\n\t\t\t\t\t\t\t\t\t\t\t\t\t\t\t<img fetchpriority=\"high\" decoding=\"async\" width=\"828\" height=\"828\" src=\"https:\/\/sognhotel.no\/wp-content\/uploads\/2026\/02\/dekor5.jpg\" class=\"attachment-full size-full wp-image-271\" alt=\"Asparagus with egg salad and herbs\" srcset=\"https:\/\/sognhotel.no\/wp-content\/uploads\/2026\/02\/dekor5.jpg 828w, https:\/\/sognhotel.no\/wp-content\/uploads\/2026\/02\/dekor5-300x300.jpg 300w, https:\/\/sognhotel.no\/wp-content\/uploads\/2026\/02\/dekor5-150x150.jpg 150w, https:\/\/sognhotel.no\/wp-content\/uploads\/2026\/02\/dekor5-768x768.jpg 768w\" sizes=\"(max-width: 828px) 100vw, 828px\" \/>\t\t\t\t\t\t\t\t\t\t\t\t\t\t\t<\/div>\n\t\t<div class=\"elementor-element elementor-element-5e97fe2 e-con-full e-flex e-con e-child\" data-id=\"5e97fe2\" data-element_type=\"container\" data-e-type=\"container\" data-settings=\"{&quot;background_background&quot;:&quot;classic&quot;,&quot;position&quot;:&quot;absolute&quot;}\">\n\t\t\t\t<div class=\"elementor-element elementor-element-c3644a3 elementor-widget elementor-widget-heading\" data-id=\"c3644a3\" data-element_type=\"widget\" data-e-type=\"widget\" data-widget_type=\"heading.default\">\n\t\t\t\t\t<h3 class=\"elementor-heading-title elementor-size-default\">Opening hours<\/h3>\t\t\t\t<\/div>\n\t\t<div class=\"elementor-element elementor-element-88db889 e-grid e-con-full e-con e-child\" data-id=\"88db889\" data-element_type=\"container\" data-e-type=\"container\">\n\t\t\t\t<div class=\"elementor-element elementor-element-a960b65 elementor-widget elementor-widget-heading\" data-id=\"a960b65\" data-element_type=\"widget\" data-e-type=\"widget\" data-widget_type=\"heading.default\">\n\t\t\t\t\t<span class=\"elementor-heading-title elementor-size-default\">Restaurant<\/span>\t\t\t\t<\/div>\n\t\t\t\t<div class=\"elementor-element elementor-element-8a4d332 elementor-widget elementor-widget-heading\" data-id=\"8a4d332\" data-element_type=\"widget\" data-e-type=\"widget\" data-widget_type=\"heading.default\">\n\t\t\t\t\t<span class=\"elementor-heading-title elementor-size-default\">17:00 - 20:00<\/span>\t\t\t\t<\/div>\n\t\t\t\t<div class=\"elementor-element elementor-element-a2583f7 elementor-widget elementor-widget-heading\" data-id=\"a2583f7\" data-element_type=\"widget\" data-e-type=\"widget\" data-widget_type=\"heading.default\">\n\t\t\t\t\t<h3 class=\"elementor-heading-title elementor-size-default\">Bar<\/h3>\t\t\t\t<\/div>\n\t\t\t\t<div class=\"elementor-element elementor-element-f4ac1c3 elementor-widget elementor-widget-heading\" data-id=\"f4ac1c3\" data-element_type=\"widget\" data-e-type=\"widget\" data-widget_type=\"heading.default\">\n\t\t\t\t\t<span class=\"elementor-heading-title elementor-size-default\">15:00 - 21:00<\/span>\t\t\t\t<\/div>\n\t\t\t\t<\/div>\n\t\t\t\t<\/div>\n\t\t\t\t<\/div>\n\t\t\t\t<\/div>\n\t\t\t\t\t<\/div>\n\t\t\t\t<\/div>\n\t\t\t\t<\/div>","protected":false},"excerpt":{"rendered":"<p>Restaurant ved Sogn Hotell Velkommen til restauranten p\u00e5 Sogn Hotell, hvor god mat og vakker utsikt m\u00f8tes. Nyt smakfulle retter i rolige omgivelser ved Sognefjorden, enten du er hotellgjest eller p\u00e5 gjennomreise. Her legger vi til rette for en hyggelig pause med gode smaker. Book overnatting Smaker ved Sognefjorden I restauranten p\u00e5 Sogn Hotell kan [&hellip;]<\/p>\n","protected":false},"author":1,"featured_media":0,"parent":0,"menu_order":0,"comment_status":"closed","ping_status":"closed","template":"","meta":{"_acf_changed":false,"footnotes":""},"class_list":["post-37","page","type-page","status-publish","hentry"],"acf":[],"_links":{"self":[{"href":"https:\/\/sognhotel.no\/en\/wp-json\/wp\/v2\/pages\/37","targetHints":{"allow":["GET"]}}],"collection":[{"href":"https:\/\/sognhotel.no\/en\/wp-json\/wp\/v2\/pages"}],"about":[{"href":"https:\/\/sognhotel.no\/en\/wp-json\/wp\/v2\/types\/page"}],"author":[{"embeddable":true,"href":"https:\/\/sognhotel.no\/en\/wp-json\/wp\/v2\/users\/1"}],"replies":[{"embeddable":true,"href":"https:\/\/sognhotel.no\/en\/wp-json\/wp\/v2\/comments?post=37"}],"version-history":[{"count":25,"href":"https:\/\/sognhotel.no\/en\/wp-json\/wp\/v2\/pages\/37\/revisions"}],"predecessor-version":[{"id":508,"href":"https:\/\/sognhotel.no\/en\/wp-json\/wp\/v2\/pages\/37\/revisions\/508"}],"wp:attachment":[{"href":"https:\/\/sognhotel.no\/en\/wp-json\/wp\/v2\/media?parent=37"}],"curies":[{"name":"wp","href":"https:\/\/api.w.org\/{rel}","templated":true}]}}